{"id":141,"date":"2023-02-20T01:38:41","date_gmt":"2023-02-20T01:38:41","guid":{"rendered":"https:\/\/asociacionmisionerosdejesusymaria.com\/?page_id=141"},"modified":"2023-06-03T02:04:25","modified_gmt":"2023-06-03T02:04:25","slug":"testimonio-de-sanancion-ii","status":"publish","type":"page","link":"https:\/\/asociacionmisionerosdejesusymaria.com\/index.php\/testimonios\/testimonio-de-sanancion-ii\/","title":{"rendered":"Resurrecci\u00f3n Gamba"},"content":{"rendered":"\t\t<div data-elementor-type=\"wp-page\" data-elementor-id=\"141\" class=\"elementor elementor-141\">\n\t\t\t\t\t\t\t\t\t<section class=\"elementor-section elementor-top-section elementor-element elementor-element-77beb32 elementor-section-boxed elementor-section-height-default elementor-section-height-default\" data-id=\"77beb32\" data-element_type=\"section\">\n\t\t\t\t\t\t<div class=\"elementor-container elementor-column-gap-default\">\n\t\t\t\t\t<div class=\"elementor-column elementor-col-100 elementor-top-column elementor-element elementor-element-6c15fcd\" data-id=\"6c15fcd\" data-element_type=\"column\">\n\t\t\t<div class=\"elementor-widget-wrap elementor-element-populated\">\n\t\t\t\t\t\t\t\t<div class=\"elementor-element elementor-element-a5f37ac elementor-widget elementor-widget-heading\" data-id=\"a5f37ac\" data-element_type=\"widget\" data-widget_type=\"heading.default\">\n\t\t\t\t<div class=\"elementor-widget-container\">\n\t\t\t<style>\/*! elementor - v3.11.1 - 15-02-2023 *\/\n.elementor-heading-title{padding:0;margin:0;line-height:1}.elementor-widget-heading .elementor-heading-title[class*=elementor-size-]>a{color:inherit;font-size:inherit;line-height:inherit}.elementor-widget-heading .elementor-heading-title.elementor-size-small{font-size:15px}.elementor-widget-heading .elementor-heading-title.elementor-size-medium{font-size:19px}.elementor-widget-heading .elementor-heading-title.elementor-size-large{font-size:29px}.elementor-widget-heading .elementor-heading-title.elementor-size-xl{font-size:39px}.elementor-widget-heading .elementor-heading-title.elementor-size-xxl{font-size:59px}<\/style><h2 class=\"elementor-heading-title elementor-size-default\">RESURRECCI\u00d3N GAMBA<\/h2>\t\t<\/div>\n\t\t\t\t<\/div>\n\t\t\t\t\t<\/div>\n\t\t<\/div>\n\t\t\t\t\t\t\t<\/div>\n\t\t<\/section>\n\t\t\t\t<section class=\"elementor-section elementor-top-section elementor-element elementor-element-75362e5 elementor-section-boxed elementor-section-height-default elementor-section-height-default\" data-id=\"75362e5\" data-element_type=\"section\">\n\t\t\t\t\t\t<div class=\"elementor-container elementor-column-gap-default\">\n\t\t\t\t\t<div class=\"elementor-column elementor-col-100 elementor-top-column elementor-element elementor-element-6c885d2\" data-id=\"6c885d2\" data-element_type=\"column\">\n\t\t\t<div class=\"elementor-widget-wrap elementor-element-populated\">\n\t\t\t\t\t\t\t\t<div class=\"elementor-element elementor-element-ffb2672 elementor-widget elementor-widget-heading\" data-id=\"ffb2672\" data-element_type=\"widget\" data-widget_type=\"heading.default\">\n\t\t\t\t<div class=\"elementor-widget-container\">\n\t\t\t<h2 class=\"elementor-heading-title elementor-size-default\"><p style=\"font-family: Righteous, sans-serif; font-size: 21px; font-style: normal; font-weight: 400; color: rgb(122, 122, 122); text-align: justify; white-space: normal;\"><span style=\"font-size: 21px; vertical-align: inherit;\">Mi nombre es Resurrecci\u00f3n Gamba, hago parte de La Asociaci\u00f3n Misioneros del Amor de Jes\u00fas y Mar\u00eda desde el a\u00f1o 2012. En mi infancia viv\u00ed en un pueblo, en ese entonces en mi familia y en el colegio me inculcaron principios religiosos, pero m\u00e1s adelante en la edad adulta, por cuestiones de trabajo y para formar un hogar, me traslad\u00e9 a la ciudad de Bogot\u00e1 donde cambiaron mis costumbres, me preocupaba por todo lo material y fui dejando a un lado las cosas de Dios.<\/span><\/p><p style=\"font-family: Righteous, sans-serif; font-size: 21px; font-style: normal; font-weight: 400; color: rgb(122, 122, 122); text-align: justify; white-space: normal;\"><\/p><p style=\"font-family: Righteous, sans-serif; font-size: 21px; font-style: normal; font-weight: 400; color: rgb(122, 122, 122); text-align: justify; white-space: normal;\"><span style=\"font-size: 21px; vertical-align: inherit;\"><span style=\"font-size: 21px; vertical-align: inherit;\"><font style=\"font-size: 21px; vertical-align: inherit;\"><font style=\"font-size: 21px; vertical-align: inherit;\">Despu\u00e9s de un tiempo, en mi familia se empez\u00f3 a perder lo que se hab\u00eda seguido con tanto sacrificio y frecuentemente me enfermaba.&nbsp;<\/font><\/font><\/span><span style=\"font-size: 21px; vertical-align: inherit;\"><font style=\"font-size: 21px; vertical-align: inherit;\"><font style=\"font-size: 21px; vertical-align: inherit;\">Entonces comenc\u00e9 a buscar soluciones para mis hombres, como practicar yoga, acupuntura, bioenerg\u00e9tica y magia blanca.&nbsp;<\/font><\/font><\/span><span style=\"font-size: 21px; vertical-align: inherit;\"><font style=\"font-size: 21px; vertical-align: inherit;\"><font style=\"font-size: 21px; vertical-align: inherit;\">Yo no comprend\u00eda por qu\u00e9 tanto sufrimiento.<\/font><\/font><\/span><\/span><\/p><p style=\"font-family: Righteous, sans-serif; font-size: 21px; font-style: normal; font-weight: 400; color: rgb(122, 122, 122); text-align: justify; white-space: normal;\"><\/p><p style=\"font-family: Righteous, sans-serif; font-size: 21px; font-style: normal; font-weight: 400; color: rgb(122, 122, 122); text-align: justify; white-space: normal;\"><span style=\"font-size: 21px; vertical-align: inherit;\"><span style=\"font-size: 21px; vertical-align: inherit;\"><font style=\"font-size: 21px; vertical-align: inherit;\"><font style=\"font-size: 21px; vertical-align: inherit;\">Llegu\u00e9 a estar tan grave que me hicieron una cirug\u00eda y estuve muy mal, pero pens\u00e9 que cuando me recuperara ir\u00eda a Misa, y por la misericordia de Dios as\u00ed fue.&nbsp;<\/font><\/font><\/span><span style=\"font-size: 21px; vertical-align: inherit;\"><font style=\"font-size: 21px; vertical-align: inherit;\"><font style=\"font-size: 21px; vertical-align: inherit;\">Encontr\u00e9 un buen sacerdote que en confesi\u00f3n me invit\u00f3 a formar parte de esta comunidad, as\u00ed que empec\u00e9 a asistir a las catequesis ya la oraci\u00f3n comunitaria y me entusiasm\u00e9 en conocer la palabra de Dios, ya fuera escuch\u00e1ndola o ley\u00e9ndola, pues contiene toda la sabidur\u00eda para vivir la vida en rectitud, ya que muchas veces uno peca por ignorancia, abre puestas al maligno y despu\u00e9s se tienen que afrontar graves consecuencias, entonces solo se puede obrar como en la par\u00e1bola del hijo prodigo: \u201cMe levantar\u00e9 e ir\u00e9 a mi padre y le dir\u00e9: padre he pecado contra el cielo y contra ti\u201d.&nbsp;<\/font><\/font><\/span><span style=\"font-size: 21px; vertical-align: inherit;\"><font style=\"font-size: 21px; vertical-align: inherit;\"><font style=\"font-size: 21px; vertical-align: inherit;\">Lucas 15, 18<\/font><\/font><\/span><\/span><\/p><p style=\"font-family: Righteous, sans-serif; font-size: 21px; font-style: normal; font-weight: 400; color: rgb(122, 122, 122); text-align: justify; white-space: normal;\"><\/p><p style=\"font-family: Righteous, sans-serif; font-size: 21px; font-style: normal; font-weight: 400; color: rgb(122, 122, 122); text-align: justify; white-space: normal;\"><span style=\"font-size: 21px; vertical-align: inherit;\"><span style=\"font-size: 21px; vertical-align: inherit;\"><font style=\"font-size: 21px; vertical-align: inherit;\"><font style=\"font-size: 21px; vertical-align: inherit;\">En 2.018 me sobrevino un c\u00e1ncer de seno muy agresivo y el m\u00e9dico me dijo que necesitaba una cirug\u00eda urgente y quimioterapia.&nbsp;<\/font><\/font><\/span><span style=\"font-size: 21px; vertical-align: inherit;\"><font style=\"font-size: 21px; vertical-align: inherit;\"><font style=\"font-size: 21px; vertical-align: inherit;\">Pero pens\u00e9 en ese momento en los pasajes b\u00edblicos en que Nuestro Se\u00f1or Jesucristo curaba enfermos, limpiaba leprosos, sacaba esp\u00edritus inmundos y resucitaba muertos.<\/font><\/font><\/span><\/span><\/p><p style=\"font-family: Righteous, sans-serif; font-size: 21px; font-style: normal; font-weight: 400; color: rgb(122, 122, 122); text-align: justify; white-space: normal;\"><\/p><p style=\"font-family: Righteous, sans-serif; font-size: 21px; font-style: normal; font-weight: 400; color: rgb(122, 122, 122); text-align: justify; white-space: normal;\"><span style=\"font-size: 21px; vertical-align: inherit;\"><span style=\"font-size: 21px; vertical-align: inherit;\"><font style=\"font-size: 21px; vertical-align: inherit;\"><font style=\"font-size: 21px; vertical-align: inherit;\">En la misa se dice \u201cSe\u00f1or: No soy digno de que entres en mi casa, pero una palabra tuya bastar\u00e1 para sanarme\u201d.&nbsp;<\/font><\/font><\/span><span style=\"font-size: 21px; vertical-align: inherit;\"><font style=\"font-size: 21px; vertical-align: inherit;\"><font style=\"font-size: 21px; vertical-align: inherit;\">Al ciego le recobra la vista y le dice \u201ctu fe te ha sanado\u201d.&nbsp;<\/font><\/font><\/span><span style=\"font-size: 21px; vertical-align: inherit;\"><font style=\"font-size: 21px; vertical-align: inherit;\"><font style=\"font-size: 21px; vertical-align: inherit;\">Lucas 18, 42<\/font><\/font><\/span><\/span><\/p><p style=\"font-family: Righteous, sans-serif; font-size: 21px; font-style: normal; font-weight: 400; color: rgb(122, 122, 122); text-align: justify; white-space: normal;\"><\/p><p style=\"font-family: Righteous, sans-serif; font-size: 21px; font-style: normal; font-weight: 400; color: rgb(122, 122, 122); text-align: justify; white-space: normal;\"><span style=\"font-size: 21px; vertical-align: inherit;\"><span style=\"font-size: 21px; vertical-align: inherit;\"><font style=\"font-size: 21px; vertical-align: inherit;\"><font style=\"font-size: 21px; vertical-align: inherit;\">Confiada en esta ense\u00f1anza, sal\u00ed del consultorio y me dirig\u00ed a una iglesia cercana, or\u00e9 ante el Sant\u00edsimo y encomend\u00e9 mi vida en manos de mi Jes\u00fas Sacramentado, pidi\u00e9ndole que se hiciera su Santa Voluntad.&nbsp;<\/font><\/font><\/span><span style=\"font-size: 21px; vertical-align: inherit;\"><font style=\"font-size: 21px; vertical-align: inherit;\"><font style=\"font-size: 21px; vertical-align: inherit;\">Luego le coment\u00e9 mi caso al director de la Asociaci\u00f3n, don Luis Fernando G\u00f3mez Suarez y me dijo que hiciera mucha oraci\u00f3n y tuviera mucha fe y con la oraci\u00f3n comunitaria para la gloria de Dios estoy sana sin cirug\u00eda ni quimioterapias.<\/font><\/font><\/span><\/span><\/p><p style=\"font-family: Righteous, sans-serif; font-size: 21px; font-style: normal; font-weight: 400; color: rgb(122, 122, 122); text-align: justify; white-space: normal;\"><\/p><p style=\"font-family: Righteous, sans-serif; font-size: 21px; font-style: normal; font-weight: 400; color: rgb(122, 122, 122); text-align: justify; white-space: normal;\"><span style=\"font-size: 21px; vertical-align: inherit;\"><span style=\"font-size: 21px; vertical-align: inherit;\"><font style=\"font-size: 21px; vertical-align: inherit;\"><font style=\"font-size: 21px; vertical-align: inherit;\">Por misericordia de Dios, mi proceso de sanaci\u00f3n ha sido continuo, crey\u00e9ndole a mi Padre celestial, poniendo mucha fe en \u00c9l, viviendo con devoci\u00f3n la Santa eucarist\u00eda, el rezo del rosario, la oraci\u00f3n ante el sant\u00edsimo y la oraci\u00f3n comunitaria;&nbsp;<\/font><\/font><\/span><span style=\"font-size: 21px; vertical-align: inherit;\"><font style=\"font-size: 21px; vertical-align: inherit;\"><font style=\"font-size: 21px; vertical-align: inherit;\">he sentido el cambio de mi salud f\u00edsica y espiritual.<\/font><\/font><\/span><\/span><\/p><p style=\"font-family: Righteous, sans-serif; font-size: 21px; font-style: normal; font-weight: 400; color: rgb(122, 122, 122); text-align: justify; white-space: normal;\"><\/p><p style=\"font-family: Righteous, sans-serif; font-size: 21px; font-style: normal; font-weight: 400; color: rgb(122, 122, 122); text-align: justify; white-space: normal;\"><span style=\"font-size: 21px; vertical-align: inherit;\"><span style=\"font-size: 21px; vertical-align: inherit;\"><font style=\"font-size: 21px; vertical-align: inherit;\"><font style=\"font-size: 21px; vertical-align: inherit;\">Ahora me acompa\u00f1a la paz la y tranquilidad, pues \u00e9l entendi\u00f3 que nuestros sufrimientos debemos ofrecerlos a Nuestro se\u00f1or Jesucristo y no desesperarnos.&nbsp;<\/font><\/font><\/span><span style=\"font-size: 21px; vertical-align: inherit;\"><font style=\"font-size: 21px; vertical-align: inherit;\"><font style=\"font-size: 21px; vertical-align: inherit;\">La palabra de Dios dice: \u201ccargan con mi yugo y aprendan de m\u00ed, que soy paciente y humilde de coraz\u00f3n, y sus almas encuentran descanso.&nbsp;<\/font><\/font><\/span><span style=\"font-size: 21px; vertical-align: inherit;\"><font style=\"font-size: 21px; vertical-align: inherit;\"><font style=\"font-size: 21px; vertical-align: inherit;\">Pues mi yugo es suave y mi carga liviana\u201d.&nbsp;<\/font><\/font><\/span><span style=\"font-size: 21px; vertical-align: inherit;\"><font style=\"font-size: 21px; vertical-align: inherit;\"><font style=\"font-size: 21px; vertical-align: inherit;\">Mateo 11, 29-30<\/font><\/font><\/span><\/span><\/p><p style=\"font-family: Righteous, sans-serif; font-size: 21px; font-style: normal; font-weight: 400; color: rgb(122, 122, 122); text-align: justify; white-space: normal;\"><\/p><p style=\"font-family: Righteous, sans-serif; font-size: 21px; font-style: normal; font-weight: 400; color: rgb(122, 122, 122); text-align: justify; white-space: normal;\"><span style=\"font-size: 21px; vertical-align: inherit;\">Doy gracias a Dios y la Sant\u00edsima Virgen por todos los dones que ha dado a la Asociaci\u00f3n, por todas las bendiciones que he recibido tanto para m\u00ed como para mi familia y por los conocimientos que he recibido, para saber c\u00f3mo vivir en la Divina Voluntad.<\/span><\/p><p style=\"font-family: Righteous, sans-serif; font-size: 21px; font-style: normal; font-weight: 400; color: rgb(122, 122, 122); text-align: justify; white-space: normal;\"><\/p><p style=\"font-family: Righteous, sans-serif; font-size: 21px; font-style: normal; font-weight: 400; color: rgb(122, 122, 122); text-align: justify; white-space: normal;\"><span style=\"font-size: 21px; vertical-align: inherit;\">Gracias y que Dios los bendiga.<\/span><\/p><\/h2>\t\t<\/div>\n\t\t\t\t<\/div>\n\t\t\t\t\t<\/div>\n\t\t<\/div>\n\t\t\t\t\t\t\t<\/div>\n\t\t<\/section>\n\t\t\t\t\t\t\t<\/div>\n\t\t","protected":false},"excerpt":{"rendered":"<p>RESURRECCI&Oacute;N GAMBA Mi nombre es Resurrecci&oacute;n Gamba, hago parte de La Asociaci&oacute;n Misioneros del Amor de Jes&uacute;s y Mar&iacute;a desde el a&ntilde;o 2012. En mi infancia viv&iacute; en un pueblo, en ese entonces en mi familia y en el colegio me inculcaron principios religiosos, pero m&aacute;s adelante en la edad adulta, por cuestiones de trabajo [&hellip;]<\/p>\n","protected":false},"author":1,"featured_media":0,"parent":43,"menu_order":0,"comment_status":"closed","ping_status":"closed","template":"","meta":[],"_links":{"self":[{"href":"https:\/\/asociacionmisionerosdejesusymaria.com\/index.php\/wp-json\/wp\/v2\/pages\/141"}],"collection":[{"href":"https:\/\/asociacionmisionerosdejesusymaria.com\/index.php\/wp-json\/wp\/v2\/pages"}],"about":[{"href":"https:\/\/asociacionmisionerosdejesusymaria.com\/index.php\/wp-json\/wp\/v2\/types\/page"}],"author":[{"embeddable":true,"href":"https:\/\/asociacionmisionerosdejesusymaria.com\/index.php\/wp-json\/wp\/v2\/users\/1"}],"replies":[{"embeddable":true,"href":"https:\/\/asociacionmisionerosdejesusymaria.com\/index.php\/wp-json\/wp\/v2\/comments?post=141"}],"version-history":[{"count":9,"href":"https:\/\/asociacionmisionerosdejesusymaria.com\/index.php\/wp-json\/wp\/v2\/pages\/141\/revisions"}],"predecessor-version":[{"id":879,"href":"https:\/\/asociacionmisionerosdejesusymaria.com\/index.php\/wp-json\/wp\/v2\/pages\/141\/revisions\/879"}],"up":[{"embeddable":true,"href":"https:\/\/asociacionmisionerosdejesusymaria.com\/index.php\/wp-json\/wp\/v2\/pages\/43"}],"wp:attachment":[{"href":"https:\/\/asociacionmisionerosdejesusymaria.com\/index.php\/wp-json\/wp\/v2\/media?parent=141"}],"curies":[{"name":"wp","href":"https:\/\/api.w.org\/{rel}","templated":true}]}}