{"id":144,"date":"2023-02-20T01:43:56","date_gmt":"2023-02-20T01:43:56","guid":{"rendered":"https:\/\/asociacionmisionerosdejesusymaria.com\/?page_id=144"},"modified":"2023-06-03T00:45:14","modified_gmt":"2023-06-03T00:45:14","slug":"testimonio-de-sanacion-iii","status":"publish","type":"page","link":"https:\/\/asociacionmisionerosdejesusymaria.com\/index.php\/testimonios\/testimonio-de-sanacion-iii\/","title":{"rendered":"Luz Dary Romero Triana"},"content":{"rendered":"\t\t<div data-elementor-type=\"wp-page\" data-elementor-id=\"144\" class=\"elementor elementor-144\">\n\t\t\t\t\t\t\t\t\t<section class=\"elementor-section elementor-top-section elementor-element elementor-element-54772bf elementor-section-boxed elementor-section-height-default elementor-section-height-default\" data-id=\"54772bf\" data-element_type=\"section\">\n\t\t\t\t\t\t<div class=\"elementor-container elementor-column-gap-default\">\n\t\t\t\t\t<div class=\"elementor-column elementor-col-100 elementor-top-column elementor-element elementor-element-9ca7825\" data-id=\"9ca7825\" data-element_type=\"column\">\n\t\t\t<div class=\"elementor-widget-wrap elementor-element-populated\">\n\t\t\t\t\t\t\t\t<div class=\"elementor-element elementor-element-77454ca elementor-widget elementor-widget-heading\" data-id=\"77454ca\" data-element_type=\"widget\" data-widget_type=\"heading.default\">\n\t\t\t\t<div class=\"elementor-widget-container\">\n\t\t\t<style>\/*! elementor - v3.11.1 - 15-02-2023 *\/\n.elementor-heading-title{padding:0;margin:0;line-height:1}.elementor-widget-heading .elementor-heading-title[class*=elementor-size-]>a{color:inherit;font-size:inherit;line-height:inherit}.elementor-widget-heading .elementor-heading-title.elementor-size-small{font-size:15px}.elementor-widget-heading .elementor-heading-title.elementor-size-medium{font-size:19px}.elementor-widget-heading .elementor-heading-title.elementor-size-large{font-size:29px}.elementor-widget-heading .elementor-heading-title.elementor-size-xl{font-size:39px}.elementor-widget-heading .elementor-heading-title.elementor-size-xxl{font-size:59px}<\/style><h2 class=\"elementor-heading-title elementor-size-default\">LUZ DARY ROMERO TRIANA<\/h2>\t\t<\/div>\n\t\t\t\t<\/div>\n\t\t\t\t\t<\/div>\n\t\t<\/div>\n\t\t\t\t\t\t\t<\/div>\n\t\t<\/section>\n\t\t\t\t<section class=\"elementor-section elementor-top-section elementor-element elementor-element-20cac416 elementor-section-boxed elementor-section-height-default elementor-section-height-default\" data-id=\"20cac416\" data-element_type=\"section\">\n\t\t\t\t\t\t<div class=\"elementor-container elementor-column-gap-default\">\n\t\t\t\t\t<div class=\"elementor-column elementor-col-100 elementor-top-column elementor-element elementor-element-681b0e78\" data-id=\"681b0e78\" data-element_type=\"column\">\n\t\t\t<div class=\"elementor-widget-wrap elementor-element-populated\">\n\t\t\t\t\t\t\t\t<div class=\"elementor-element elementor-element-330c61c5 elementor-widget elementor-widget-text-editor\" data-id=\"330c61c5\" data-element_type=\"widget\" data-widget_type=\"text-editor.default\">\n\t\t\t\t<div class=\"elementor-widget-container\">\n\t\t\t<style>\/*! elementor - v3.11.1 - 15-02-2023 *\/\n.elementor-widget-text-editor.elementor-drop-cap-view-stacked .elementor-drop-cap{background-color:#818a91;color:#fff}.elementor-widget-text-editor.elementor-drop-cap-view-framed .elementor-drop-cap{color:#818a91;border:3px solid;background-color:transparent}.elementor-widget-text-editor:not(.elementor-drop-cap-view-default) .elementor-drop-cap{margin-top:8px}.elementor-widget-text-editor:not(.elementor-drop-cap-view-default) .elementor-drop-cap-letter{width:1em;height:1em}.elementor-widget-text-editor .elementor-drop-cap{float:left;text-align:center;line-height:1;font-size:50px}.elementor-widget-text-editor .elementor-drop-cap-letter{display:inline-block}<\/style>\t\t\t\t<p><!-- wp:heading --><\/p>\n<p><span style=\"vertical-align: inherit;\"><span style=\"vertical-align: inherit;\"><span style=\"vertical-align: inherit;\"><span style=\"vertical-align: inherit;\">Mi nombre es Luz Dary Romero Triana, tengo 47 a\u00f1os y soy Docente de profesi\u00f3n. <\/span><\/span><\/span><span style=\"vertical-align: inherit;\"><span style=\"vertical-align: inherit;\"><span style=\"vertical-align: inherit;\">Conoc\u00ed la Asociaci\u00f3n Misioneros del Amor de Jes\u00fas y Mar\u00eda en el a\u00f1o 2009 cuando la coordinadora del jard\u00edn donde laboraba, me invit\u00f3 a una oraci\u00f3n comunitaria, luego de saber que era cat\u00f3lica.<\/span><\/span><\/span><\/span><\/p>\n<p><!-- \/wp:paragraph --><!-- wp:paragraph --><\/p>\n<p><span style=\"vertical-align: inherit;\"><span style=\"vertical-align: inherit;\"><span style=\"vertical-align: inherit;\"><span style=\"vertical-align: inherit;\">En un primer momento no tuve una buena impresi\u00f3n porque no conoc\u00eda las cosas del Se\u00f1or, por eso no quise volver, sin embargo, la coordinadora que me hab\u00eda invitado me anim\u00f3 para que ingresara a la formaci\u00f3n, la cual se llev\u00f3 a cabo los d\u00edas s\u00e1bados .<\/span><\/span><\/span><\/span><\/p>\n<p><!-- \/wp:paragraph --><!-- wp:paragraph --><\/p>\n<p><span style=\"vertical-align: inherit;\"><span style=\"vertical-align: inherit;\"><span style=\"vertical-align: inherit;\"><span style=\"vertical-align: inherit;\">En este lugar me sent\u00ed m\u00e1s animada, ya que mi profesora era muy dulce y amorosa, me hizo sentir amada por Nuestro Se\u00f1or, lo cual me condujo a un gran gozo porque estaba muy alejada de Dios y no conoc\u00eda nada sobre \u00c9l a pesar de ser bautizada .<\/span><\/span><\/span><\/span><\/p>\n<p><!-- \/wp:paragraph --><!-- wp:paragraph --><\/p>\n<p><span style=\"vertical-align: inherit;\"><span style=\"vertical-align: inherit;\"><span style=\"vertical-align: inherit;\"><span style=\"vertical-align: inherit;\">Lo primero que hizo el Se\u00f1or en mi vida fue alejar las malas amistades y las personas que me alejaban de \u00c9l, adem\u00e1s me dio fortaleza para seguirlo a pesar de las adversidades, porque cuando una persona se decide por Dios, tiene muchos tropiezos que son causas por el enemigo que no quiere perder a ninguna alma.<\/span><\/span><\/span><\/span><\/p>\n<p><!-- \/wp:paragraph --><!-- wp:paragraph --><\/p>\n<p><span style=\"vertical-align: inherit;\"><span style=\"vertical-align: inherit;\"><span style=\"vertical-align: inherit;\"><span style=\"vertical-align: inherit;\">Otra gran obra que hizo el Se\u00f1or fue convertir a mi hija, la cual me juzgaba por asistir a la Asociaci\u00f3n y por frecuentar los sacramentos, pero Jes\u00fas con su amor la fue atrayendo, y hoy en d\u00eda ella tambi\u00e9n se forma y frecuenta los sacramentos junto conmigo<\/span><\/span><\/span><\/span><\/p>\n<p><!-- \/wp:paragraph --><!-- wp:paragraph --><\/p>\n<p><span style=\"vertical-align: inherit;\"><span style=\"vertical-align: inherit;\"><span style=\"vertical-align: inherit;\"><span style=\"vertical-align: inherit;\">Pero del Se\u00f1or no solo recibi\u00f3 las gracias descritas anteriormente sino que \u00c9l me ha sanado f\u00edsicamente en varias ocasiones, una de las que m\u00e1s recuerdo sucedi\u00f3 durante una oraci\u00f3n comunitaria en la que le pidi\u00f3 al Se\u00f1or que me sanara una masa que ten\u00eda en la mu\u00f1eca de la mano derecha, que me impidi\u00f3 escribir porque sent\u00ed mucho dolor.<\/span><\/span><\/span><\/span><\/p>\n<p><!-- \/wp:paragraph --><!-- wp:paragraph --><\/p>\n<p><span style=\"vertical-align: inherit;\"><span style=\"vertical-align: inherit;\"><span style=\"vertical-align: inherit;\"><span style=\"vertical-align: inherit;\">Yo hab\u00eda ido al m\u00e9dico para que me revisaran y la \u00fanica soluci\u00f3n que me ofrecieron fue una operaci\u00f3n, pero yo no quise acceder; <\/span><\/span><\/span><span style=\"vertical-align: inherit;\"><span style=\"vertical-align: inherit;\"><span style=\"vertical-align: inherit;\">y con la fe puesta en Dios, le ped\u00ed que me sanara, y as\u00ed fue, no supe en qu\u00e9 momento pas\u00f3, pero con el tiempo esa masa desapareci\u00f3 y dej\u00e9 de sentir el dolor que me aquejaba.<\/span><\/span><\/span><\/span><\/p>\n<p><!-- \/wp:paragraph --><!-- wp:paragraph --><\/p>\n<p><span style=\"vertical-align: inherit;\"><span style=\"vertical-align: inherit;\">Recib\u00ed otra sanaci\u00f3n en el a\u00f1o 2020, cuando detect\u00e9 que ten\u00eda una masa en el seno derecho, que me causaba dolor, la cual despu\u00e9s de la ecograf\u00eda y los ex\u00e1menes frecuentes se prolongaban que era benigna, pero que deb\u00eda hacer controles peri\u00f3dicos, para evitar un posible c\u00e1ncer de mama, sin embargo luego de pedir la sanaci\u00f3n al Se\u00f1or, \u00faltima lesi\u00f3n fue desapareciendo gracias a su Misericordia ya la fecha no he vuelto a sentir ninguna molestia.<\/span><\/span><\/p>\n<p><!-- \/wp:paragraph --><!-- wp:paragraph --><\/p>\n<p><span style=\"vertical-align: inherit;\"><span style=\"vertical-align: inherit;\"><span style=\"vertical-align: inherit;\"><span style=\"vertical-align: inherit;\">As\u00ed mismo, el mes de junio del a\u00f1o 2022 tuve un accidente cerebrovascular durante que inicialmente me produjo un da\u00f1o neurol\u00f3gico consistente en p\u00e9rdida de la memoria, dificultad para caminar, para hablar y para coordinar movimientos b\u00e1sicos, sin embargo, Dios me fortaleci\u00f3 y me san\u00f3 ya la fecha no tengo ninguna secuela de este ACV, pese a que, seg\u00fan los m\u00e9dicos fue muy grave ya que tuve tres lesiones en el cerebelo.<\/span><\/span><\/span><\/span><\/p>\n<p><!-- \/wp:paragraph --><!-- wp:paragraph --><\/p>\n<p><span style=\"vertical-align: inherit;\"><span style=\"vertical-align: inherit;\"><span style=\"vertical-align: inherit;\"><span style=\"vertical-align: inherit;\">Durante ese momento tuve la bendici\u00f3n de contar con la oraci\u00f3n de mis compa\u00f1eros de la Asociaci\u00f3n y de mi Director Espiritual don Luis Fernando G\u00f3mez Su\u00e1rez, quienes rogaban a Dios insistentemente para que me mejorara y para que no fuera intervenido quir\u00fargicamente, ya que es bien sabido que las operaciones en el cerebro son muy peligrosas y existe un riesgo muy grande de que las personas queden con secuelas graves; <\/span><\/span><\/span><span style=\"vertical-align: inherit;\"><span style=\"vertical-align: inherit;\"><span style=\"vertical-align: inherit;\">oraci\u00f3n que fue escuchada por Nuestro Se\u00f1or ya que no solo no me operaron sino que estoy sana para la Gloria de Dios<\/span><\/span><\/span><\/span><\/p>\n<p><!-- \/wp:paragraph --><\/p>\t\t\t\t\t\t<\/div>\n\t\t\t\t<\/div>\n\t\t\t\t\t<\/div>\n\t\t<\/div>\n\t\t\t\t\t\t\t<\/div>\n\t\t<\/section>\n\t\t\t\t\t\t\t<\/div>\n\t\t","protected":false},"excerpt":{"rendered":"<p>LUZ DARY ROMERO TRIANA Mi nombre es Luz Dary Romero Triana, tengo 47 a&ntilde;os y soy Docente de profesi&oacute;n. Conoc&iacute; la Asociaci&oacute;n Misioneros del Amor de Jes&uacute;s y Mar&iacute;a en el a&ntilde;o 2009 cuando la coordinadora del jard&iacute;n donde laboraba, me invit&oacute; a una oraci&oacute;n comunitaria, luego de saber que era cat&oacute;lica. En un primer [&hellip;]<\/p>\n","protected":false},"author":1,"featured_media":0,"parent":43,"menu_order":3,"comment_status":"closed","ping_status":"closed","template":"","meta":[],"_links":{"self":[{"href":"https:\/\/asociacionmisionerosdejesusymaria.com\/index.php\/wp-json\/wp\/v2\/pages\/144"}],"collection":[{"href":"https:\/\/asociacionmisionerosdejesusymaria.com\/index.php\/wp-json\/wp\/v2\/pages"}],"about":[{"href":"https:\/\/asociacionmisionerosdejesusymaria.com\/index.php\/wp-json\/wp\/v2\/types\/page"}],"author":[{"embeddable":true,"href":"https:\/\/asociacionmisionerosdejesusymaria.com\/index.php\/wp-json\/wp\/v2\/users\/1"}],"replies":[{"embeddable":true,"href":"https:\/\/asociacionmisionerosdejesusymaria.com\/index.php\/wp-json\/wp\/v2\/comments?post=144"}],"version-history":[{"count":6,"href":"https:\/\/asociacionmisionerosdejesusymaria.com\/index.php\/wp-json\/wp\/v2\/pages\/144\/revisions"}],"predecessor-version":[{"id":829,"href":"https:\/\/asociacionmisionerosdejesusymaria.com\/index.php\/wp-json\/wp\/v2\/pages\/144\/revisions\/829"}],"up":[{"embeddable":true,"href":"https:\/\/asociacionmisionerosdejesusymaria.com\/index.php\/wp-json\/wp\/v2\/pages\/43"}],"wp:attachment":[{"href":"https:\/\/asociacionmisionerosdejesusymaria.com\/index.php\/wp-json\/wp\/v2\/media?parent=144"}],"curies":[{"name":"wp","href":"https:\/\/api.w.org\/{rel}","templated":true}]}}