{"id":310,"date":"2023-02-25T23:56:47","date_gmt":"2023-02-25T23:56:47","guid":{"rendered":"https:\/\/asociacionmisionerosdejesusymaria.com\/?page_id=310"},"modified":"2024-03-18T23:32:43","modified_gmt":"2024-03-18T23:32:43","slug":"historia","status":"publish","type":"page","link":"https:\/\/asociacionmisionerosdejesusymaria.com\/index.php\/quienes-somos-2\/historia\/","title":{"rendered":"Historia"},"content":{"rendered":"\t\t<div data-elementor-type=\"wp-page\" data-elementor-id=\"310\" class=\"elementor elementor-310\">\n\t\t\t\t\t\t\t\t\t<section class=\"elementor-section elementor-top-section elementor-element elementor-element-552a5c1 elementor-section-boxed elementor-section-height-default elementor-section-height-default\" data-id=\"552a5c1\" data-element_type=\"section\">\n\t\t\t\t\t\t<div class=\"elementor-container elementor-column-gap-default\">\n\t\t\t\t\t<div class=\"elementor-column elementor-col-100 elementor-top-column elementor-element elementor-element-c64eb82\" data-id=\"c64eb82\" data-element_type=\"column\">\n\t\t\t<div class=\"elementor-widget-wrap elementor-element-populated\">\n\t\t\t\t\t\t\t\t<div class=\"elementor-element elementor-element-d04c6a3 elementor-widget elementor-widget-heading\" data-id=\"d04c6a3\" data-element_type=\"widget\" data-widget_type=\"heading.default\">\n\t\t\t\t<div class=\"elementor-widget-container\">\n\t\t\t<style>\/*! elementor - v3.11.1 - 15-02-2023 *\/\n.elementor-heading-title{padding:0;margin:0;line-height:1}.elementor-widget-heading .elementor-heading-title[class*=elementor-size-]>a{color:inherit;font-size:inherit;line-height:inherit}.elementor-widget-heading .elementor-heading-title.elementor-size-small{font-size:15px}.elementor-widget-heading .elementor-heading-title.elementor-size-medium{font-size:19px}.elementor-widget-heading .elementor-heading-title.elementor-size-large{font-size:29px}.elementor-widget-heading .elementor-heading-title.elementor-size-xl{font-size:39px}.elementor-widget-heading .elementor-heading-title.elementor-size-xxl{font-size:59px}<\/style><h2 class=\"elementor-heading-title elementor-size-default\"><font style=\"vertical-align: inherit;\"><\/font><font style=\"vertical-align: inherit;\"><font style=\"vertical-align: inherit;\"><font style=\"vertical-align: inherit;\"><\/font><\/font><\/font><b><font style=\"vertical-align: inherit;\"><font style=\"vertical-align: inherit;\">HISTORIA<\/font><\/font><\/b><\/h2>\t\t<\/div>\n\t\t\t\t<\/div>\n\t\t\t\t\t<\/div>\n\t\t<\/div>\n\t\t\t\t\t\t\t<\/div>\n\t\t<\/section>\n\t\t\t\t<section class=\"elementor-section elementor-top-section elementor-element elementor-element-3a29d6fa elementor-section-boxed elementor-section-height-default elementor-section-height-default\" data-id=\"3a29d6fa\" data-element_type=\"section\">\n\t\t\t\t\t\t<div class=\"elementor-container elementor-column-gap-default\">\n\t\t\t\t\t<div class=\"elementor-column elementor-col-100 elementor-top-column elementor-element elementor-element-4b6de497\" data-id=\"4b6de497\" data-element_type=\"column\">\n\t\t\t<div class=\"elementor-widget-wrap elementor-element-populated\">\n\t\t\t\t\t\t\t\t<div class=\"elementor-element elementor-element-1df36b1 elementor-widget elementor-widget-text-editor\" data-id=\"1df36b1\" data-element_type=\"widget\" data-widget_type=\"text-editor.default\">\n\t\t\t\t<div class=\"elementor-widget-container\">\n\t\t\t<style>\/*! elementor - v3.11.1 - 15-02-2023 *\/\n.elementor-widget-text-editor.elementor-drop-cap-view-stacked .elementor-drop-cap{background-color:#818a91;color:#fff}.elementor-widget-text-editor.elementor-drop-cap-view-framed .elementor-drop-cap{color:#818a91;border:3px solid;background-color:transparent}.elementor-widget-text-editor:not(.elementor-drop-cap-view-default) .elementor-drop-cap{margin-top:8px}.elementor-widget-text-editor:not(.elementor-drop-cap-view-default) .elementor-drop-cap-letter{width:1em;height:1em}.elementor-widget-text-editor .elementor-drop-cap{float:left;text-align:center;line-height:1;font-size:50px}.elementor-widget-text-editor .elementor-drop-cap-letter{display:inline-block}<\/style>\t\t\t\t<p><!-- wp:paragraph --><\/p>\n<h3>Los inicios de la Asociaci\u00f3n se registran en 1989, cuando una humilde familia encabezada por los padres del actual director, se\u00f1or Luis Fernando G\u00f3mez Su\u00e1rez, se reuni\u00f3 como GRUPO DE ORACI\u00d3N FAMILIAR en el que se ofrec\u00eda el Santo Rosario con gran devoci\u00f3n y se reflexionaba sobre la palabra del Se\u00f1or.<\/h3>\n<h3>\u00a0<\/h3>\n<h3><span style=\"font-style: inherit;\">Los valores, principios, tradiciones cat\u00f3licas y el fervor de la oraci\u00f3n de esta familia atra\u00edan a muchas personas que se fueron incorporando al grupo, el cual creci\u00f3 tanto que era imposible albergarlo en la casa de siempre.<\/span><\/h3>\n<div><span style=\"font-style: inherit;\">\u00a0<\/span><\/div>\n<p>\u00a0<\/p>\n<h3>Por tal raz\u00f3n, se determin\u00f3 que el grupo deb\u00eda estar bajo la tutela directa de la Iglesia Cat\u00f3lica, y es as\u00ed como empez\u00f3 a hacerse presente en parroquias y comunidades de la Arquidi\u00f3cesis de Bogot\u00e1 y de la Di\u00f3cesis de Engativ\u00e1.<\/h3>\n<div>\u00a0<\/div>\n<h3><span style=\"font-style: inherit;\">Las personas crec\u00edan y avanzaban en su conocimiento espiritual y en el 2001, surgi\u00f3 la necesidad de ofrecer formaci\u00f3n de iniciaci\u00f3n- para quienes ingresaban por primera vez, y otro tipo de formaci\u00f3n, para quienes llevaban un crecimiento espiritual m\u00e1s avanzado;\u00a0de esta forma, se dieron los primeros pasos para la creaci\u00f3n de niveles de formaci\u00f3n.<\/span><\/h3>\n<div><span style=\"font-style: inherit;\">\u00a0<\/span><\/div>\n<h3><span style=\"font-style: inherit;\">Al contar con niveles de formaci\u00f3n B\u00e1sicos y de Crecimiento, y un mayor n\u00famero de integrantes, el grupo asumi\u00f3 el nombre de \u201cFUNDACI\u00d3N MISIONEROS DEL AMOR DE JES\u00daS Y MAR\u00cdA\u201d, pasando en el 2005, a convertirse en la actual\u00a0<span style=\"text-decoration: underline;\"><strong>ASOCIACI\u00d3N MISIONEROS DEL AMOR DE JES\u00daS Y MAR\u00cdA<\/strong><\/span>, la cual se constituy\u00f3 como ente privado sin \u00e1nimo de lucro, a trav\u00e9s de resoluci\u00f3n de C\u00e1mara de Comercio, para lograr autonom\u00eda jur\u00eddica, financiera y administrativa.<\/span><\/h3>\n<div><span style=\"font-style: inherit;\">\u00a0<\/span><\/div>\n<h3><span style=\"font-style: inherit;\">Adicionalmente, la Asociaci\u00f3n adquiri\u00f3 reconocimiento eclesi\u00e1stico por parte de la Arquidi\u00f3cesis de Bogot\u00e1, a trav\u00e9s del cual fueron aceptados y ratificados sus estatutos.<\/span><\/h3>\n<div><span style=\"font-style: inherit;\">\u00a0<\/span><\/div>\n<h3><span style=\"font-style: inherit;\">Unos a\u00f1os m\u00e1s tarde, fue presentado y aprobado por la Iglesia Cat\u00f3lica, una reforma para la creaci\u00f3n de otros niveles de formaci\u00f3n, los cuales hasta el a\u00f1o 2024 son:<\/span><\/h3>\n<h3><span style=\"font-style: inherit;\">\u00a0<\/span><\/h3>\n<ul>\n<li>\n<h3><span style=\"font-style: inherit;\">B\u00e1sico<\/span><\/h3>\n<\/li>\n<li>\n<h3><span style=\"font-style: inherit;\">Crecimiento espiritual para j\u00f3venes<\/span><\/h3>\n<\/li>\n<li>\n<h3><span style=\"font-style: inherit;\">Crecimiento espiritual para adultos<\/span><\/h3>\n<\/li>\n<li>\n<h3><span style=\"font-style: inherit;\">Intermedio I<\/span><\/h3>\n<\/li>\n<li>\n<h3><span style=\"font-style: inherit;\">Intermedio II<\/span><\/h3>\n<\/li>\n<li>\n<h3><span style=\"font-style: inherit;\">Intermedio III<\/span><\/h3>\n<\/li>\n<li>\n<h3><span style=\"font-style: inherit;\">Divina Voluntad \u2013 B\u00e1sico<\/span><\/h3>\n<\/li>\n<li>\n<h3><span style=\"font-style: inherit;\">Divina Voluntad \u2013 Crecimiento<\/span><\/h3>\n<\/li>\n<\/ul>\n<h3>\u00a0<\/h3>\n<h3><span style=\"font-style: inherit;\">Cada 15 de agosto, durante la fiesta de la <strong><span style=\"text-decoration: underline;\">ASUNCI\u00d3N DE LA SANT\u00cdSIMA VIRGEN MAR\u00cdA<\/span><\/strong>, se celebra el aniversario de la Asociaci\u00f3n y <strong><span style=\"text-decoration: underline;\">en 2024 cumple 30 a\u00f1os de su fundaci\u00f3n.<\/span><\/strong><\/span><\/h3>\n<h3>\u00a0<\/h3>\n<h3><span style=\"font-style: inherit;\">En estas tres d\u00e9cadas han sido muchos los testimonios de personas, quienes, a trav\u00e9s de los encuentros de oraci\u00f3n, el conocimiento y la pr\u00e1ctica de la fe y la gu\u00eda espiritual recibida,\u00a0han visto la transformaci\u00f3n de sus vidas y de sus familias.<\/span><\/h3>\n<h3><span style=\"font-style: inherit;\">\u00a0<\/span><\/h3>\n<h3><span style=\"font-style: inherit;\">Rogamos al Se\u00f1or poder continuar con la hermosa misi\u00f3n que nos ha encomendado, amados en la Divina Voluntad.<\/span><\/h3>\n<p><!-- \/wp:paragraph --><\/p>\t\t\t\t\t\t<\/div>\n\t\t\t\t<\/div>\n\t\t\t\t\t<\/div>\n\t\t<\/div>\n\t\t\t\t\t\t\t<\/div>\n\t\t<\/section>\n\t\t\t\t\t\t\t<\/div>\n\t\t","protected":false},"excerpt":{"rendered":"<p>HISTORIA Los inicios de la Asociaci&oacute;n se registran en 1989, cuando una humilde familia encabezada por los padres del actual director, se&ntilde;or Luis Fernando G&oacute;mez Su&aacute;rez, se reuni&oacute; como GRUPO DE ORACI&Oacute;N FAMILIAR en el que se ofrec&iacute;a el Santo Rosario con gran devoci&oacute;n y se reflexionaba sobre la palabra del Se&ntilde;or. &nbsp; Los valores, [&hellip;]<\/p>\n","protected":false},"author":1,"featured_media":0,"parent":69,"menu_order":0,"comment_status":"closed","ping_status":"closed","template":"","meta":[],"_links":{"self":[{"href":"https:\/\/asociacionmisionerosdejesusymaria.com\/index.php\/wp-json\/wp\/v2\/pages\/310"}],"collection":[{"href":"https:\/\/asociacionmisionerosdejesusymaria.com\/index.php\/wp-json\/wp\/v2\/pages"}],"about":[{"href":"https:\/\/asociacionmisionerosdejesusymaria.com\/index.php\/wp-json\/wp\/v2\/types\/page"}],"author":[{"embeddable":true,"href":"https:\/\/asociacionmisionerosdejesusymaria.com\/index.php\/wp-json\/wp\/v2\/users\/1"}],"replies":[{"embeddable":true,"href":"https:\/\/asociacionmisionerosdejesusymaria.com\/index.php\/wp-json\/wp\/v2\/comments?post=310"}],"version-history":[{"count":39,"href":"https:\/\/asociacionmisionerosdejesusymaria.com\/index.php\/wp-json\/wp\/v2\/pages\/310\/revisions"}],"predecessor-version":[{"id":1057,"href":"https:\/\/asociacionmisionerosdejesusymaria.com\/index.php\/wp-json\/wp\/v2\/pages\/310\/revisions\/1057"}],"up":[{"embeddable":true,"href":"https:\/\/asociacionmisionerosdejesusymaria.com\/index.php\/wp-json\/wp\/v2\/pages\/69"}],"wp:attachment":[{"href":"https:\/\/asociacionmisionerosdejesusymaria.com\/index.php\/wp-json\/wp\/v2\/media?parent=310"}],"curies":[{"name":"wp","href":"https:\/\/api.w.org\/{rel}","templated":true}]}}