{"id":343,"date":"2023-02-26T02:23:21","date_gmt":"2023-02-26T02:23:21","guid":{"rendered":"https:\/\/asociacionmisionerosdejesusymaria.com\/?page_id=343"},"modified":"2023-05-11T01:00:12","modified_gmt":"2023-05-11T01:00:12","slug":"formacion","status":"publish","type":"page","link":"https:\/\/asociacionmisionerosdejesusymaria.com\/index.php\/misioneros\/formacion\/","title":{"rendered":"Formaci\u00f3n"},"content":{"rendered":"\t\t<div data-elementor-type=\"wp-page\" data-elementor-id=\"343\" class=\"elementor elementor-343\">\n\t\t\t\t\t\t\t\t\t<section class=\"elementor-section elementor-top-section elementor-element elementor-element-7fe4f72 elementor-section-boxed elementor-section-height-default elementor-section-height-default\" data-id=\"7fe4f72\" data-element_type=\"section\">\n\t\t\t\t\t\t<div class=\"elementor-container elementor-column-gap-default\">\n\t\t\t\t\t<div class=\"elementor-column elementor-col-100 elementor-top-column elementor-element elementor-element-696c829\" data-id=\"696c829\" data-element_type=\"column\">\n\t\t\t<div class=\"elementor-widget-wrap elementor-element-populated\">\n\t\t\t\t\t\t\t\t<section class=\"elementor-section elementor-inner-section elementor-element elementor-element-394f375 elementor-section-boxed elementor-section-height-default elementor-section-height-default\" data-id=\"394f375\" data-element_type=\"section\">\n\t\t\t\t\t\t<div class=\"elementor-container elementor-column-gap-default\">\n\t\t\t\t\t<div class=\"elementor-column elementor-col-50 elementor-inner-column elementor-element elementor-element-b1ad04e\" data-id=\"b1ad04e\" data-element_type=\"column\">\n\t\t\t<div class=\"elementor-widget-wrap elementor-element-populated\">\n\t\t\t\t\t\t\t\t<div class=\"elementor-element elementor-element-8777a22 elementor-widget elementor-widget-image\" data-id=\"8777a22\" data-element_type=\"widget\" data-widget_type=\"image.default\">\n\t\t\t\t<div class=\"elementor-widget-container\">\n\t\t\t<style>\/*! elementor - v3.11.1 - 15-02-2023 *\/\n.elementor-widget-image{text-align:center}.elementor-widget-image a{display:inline-block}.elementor-widget-image a img[src$=\".svg\"]{width:48px}.elementor-widget-image img{vertical-align:middle;display:inline-block}<\/style>\t\t\t\t\t\t\t\t\t\t\t\t<img decoding=\"async\" src=\"https:\/\/asociacionmisionerosdejesusymaria.com\/wp-content\/uploads\/2023\/02\/Formacion01-1.png\" title=\"\" alt=\"\" loading=\"lazy\" \/>\t\t\t\t\t\t\t\t\t\t\t\t\t\t\t<\/div>\n\t\t\t\t<\/div>\n\t\t\t\t\t<\/div>\n\t\t<\/div>\n\t\t\t\t<div class=\"elementor-column elementor-col-50 elementor-inner-column elementor-element elementor-element-440590e\" data-id=\"440590e\" data-element_type=\"column\">\n\t\t\t<div class=\"elementor-widget-wrap elementor-element-populated\">\n\t\t\t\t\t\t\t\t<div class=\"elementor-element elementor-element-c220f30 elementor-widget elementor-widget-image\" data-id=\"c220f30\" data-element_type=\"widget\" data-widget_type=\"image.default\">\n\t\t\t\t<div class=\"elementor-widget-container\">\n\t\t\t\t\t\t\t\t\t\t\t\t\t\t\t<img decoding=\"async\" width=\"584\" height=\"438\" src=\"https:\/\/asociacionmisionerosdejesusymaria.com\/wp-content\/uploads\/2023\/02\/Formacion02.png\" class=\"attachment-medium_large size-medium_large wp-image-369\" alt=\"\" loading=\"lazy\" srcset=\"https:\/\/asociacionmisionerosdejesusymaria.com\/wp-content\/uploads\/2023\/02\/Formacion02.png 584w, https:\/\/asociacionmisionerosdejesusymaria.com\/wp-content\/uploads\/2023\/02\/Formacion02-300x225.png 300w\" sizes=\"(max-width: 584px) 100vw, 584px\" \/>\t\t\t\t\t\t\t\t\t\t\t\t\t\t\t<\/div>\n\t\t\t\t<\/div>\n\t\t\t\t\t<\/div>\n\t\t<\/div>\n\t\t\t\t\t\t\t<\/div>\n\t\t<\/section>\n\t\t\t\t\t<\/div>\n\t\t<\/div>\n\t\t\t\t\t\t\t<\/div>\n\t\t<\/section>\n\t\t\t\t<section class=\"elementor-section elementor-top-section elementor-element elementor-element-9cd3057 elementor-section-boxed elementor-section-height-default elementor-section-height-default\" data-id=\"9cd3057\" data-element_type=\"section\">\n\t\t\t\t\t\t<div class=\"elementor-container elementor-column-gap-default\">\n\t\t\t\t\t<div class=\"elementor-column elementor-col-100 elementor-top-column elementor-element elementor-element-9382c1d\" data-id=\"9382c1d\" data-element_type=\"column\">\n\t\t\t<div class=\"elementor-widget-wrap elementor-element-populated\">\n\t\t\t\t\t\t\t\t<div class=\"elementor-element elementor-element-e37c4bc elementor-widget elementor-widget-heading\" data-id=\"e37c4bc\" data-element_type=\"widget\" data-widget_type=\"heading.default\">\n\t\t\t\t<div class=\"elementor-widget-container\">\n\t\t\t<style>\/*! elementor - v3.11.1 - 15-02-2023 *\/\n.elementor-heading-title{padding:0;margin:0;line-height:1}.elementor-widget-heading .elementor-heading-title[class*=elementor-size-]>a{color:inherit;font-size:inherit;line-height:inherit}.elementor-widget-heading .elementor-heading-title.elementor-size-small{font-size:15px}.elementor-widget-heading .elementor-heading-title.elementor-size-medium{font-size:19px}.elementor-widget-heading .elementor-heading-title.elementor-size-large{font-size:29px}.elementor-widget-heading .elementor-heading-title.elementor-size-xl{font-size:39px}.elementor-widget-heading .elementor-heading-title.elementor-size-xxl{font-size:59px}<\/style><h2 class=\"elementor-heading-title elementor-size-default\">FORMACI\u00d3N<\/h2>\t\t<\/div>\n\t\t\t\t<\/div>\n\t\t\t\t\t<\/div>\n\t\t<\/div>\n\t\t\t\t\t\t\t<\/div>\n\t\t<\/section>\n\t\t\t\t<section class=\"elementor-section elementor-top-section elementor-element elementor-element-5b8a87fe elementor-section-boxed elementor-section-height-default elementor-section-height-default\" data-id=\"5b8a87fe\" data-element_type=\"section\">\n\t\t\t\t\t\t<div class=\"elementor-container elementor-column-gap-default\">\n\t\t\t\t\t<div class=\"elementor-column elementor-col-100 elementor-top-column elementor-element elementor-element-2cb3f02\" data-id=\"2cb3f02\" data-element_type=\"column\">\n\t\t\t<div class=\"elementor-widget-wrap elementor-element-populated\">\n\t\t\t\t\t\t\t\t<div class=\"elementor-element elementor-element-60d1b566 elementor-widget elementor-widget-text-editor\" data-id=\"60d1b566\" data-element_type=\"widget\" data-widget_type=\"text-editor.default\">\n\t\t\t\t<div class=\"elementor-widget-container\">\n\t\t\t<style>\/*! elementor - v3.11.1 - 15-02-2023 *\/\n.elementor-widget-text-editor.elementor-drop-cap-view-stacked .elementor-drop-cap{background-color:#818a91;color:#fff}.elementor-widget-text-editor.elementor-drop-cap-view-framed .elementor-drop-cap{color:#818a91;border:3px solid;background-color:transparent}.elementor-widget-text-editor:not(.elementor-drop-cap-view-default) .elementor-drop-cap{margin-top:8px}.elementor-widget-text-editor:not(.elementor-drop-cap-view-default) .elementor-drop-cap-letter{width:1em;height:1em}.elementor-widget-text-editor .elementor-drop-cap{float:left;text-align:center;line-height:1;font-size:50px}.elementor-widget-text-editor .elementor-drop-cap-letter{display:inline-block}<\/style>\t\t\t\t<!-- wp:gallery {\"linkTo\":\"none\"} -->\n<figure class=\"wp-block-gallery has-nested-images columns-default is-cropped\"><!-- wp:image {\"id\":371,\"sizeSlug\":\"large\",\"linkDestination\":\"none\"} -->\n<figure class=\"wp-block-image size-large\"><\/figure>\n<!-- \/wp:image --><!-- wp:image {\"id\":369,\"sizeSlug\":\"large\",\"linkDestination\":\"none\"} -->\n<figure class=\"wp-block-image size-large\"><\/figure>\n<!-- \/wp:image --><\/figure>\n<!-- \/wp:gallery --><!-- wp:paragraph -->\n<p><span style=\"vertical-align: inherit;\"><span style=\"vertical-align: inherit;\"><span style=\"vertical-align: inherit;\"><span style=\"vertical-align: inherit;\">En la Asociaci\u00f3n Misioneros del Amor de Jes\u00fas y Mar\u00eda, existen los siguientes niveles de formaci\u00f3n:<\/span><\/span><\/span><\/span><\/p>\n<!-- \/wp:paragraph --><!-- wp:paragraph -->\n<p><span style=\"vertical-align: inherit;\"><span style=\"vertical-align: inherit;\"><span style=\"vertical-align: inherit;\"><span style=\"vertical-align: inherit;\">o B\u00e1sico <\/span><\/span><\/span><\/span><br \/><span style=\"vertical-align: inherit;\"><span style=\"vertical-align: inherit;\"><span style=\"vertical-align: inherit;\"><span style=\"vertical-align: inherit;\">o Crecimiento espiritual para j\u00f3venes <\/span><\/span><\/span><\/span><br \/><span style=\"vertical-align: inherit;\"><span style=\"vertical-align: inherit;\"><span style=\"vertical-align: inherit;\"><span style=\"vertical-align: inherit;\">o Crecimiento espiritual para adultos <\/span><\/span><\/span><\/span><br \/><span style=\"vertical-align: inherit;\"><span style=\"vertical-align: inherit;\"><span style=\"vertical-align: inherit;\"><span style=\"vertical-align: inherit;\">o Intermedio I <\/span><\/span><\/span><\/span><br \/><span style=\"vertical-align: inherit;\"><span style=\"vertical-align: inherit;\"><span style=\"vertical-align: inherit;\"><span style=\"vertical-align: inherit;\">o Intermedio II <\/span><\/span><\/span><\/span><br \/><span style=\"vertical-align: inherit;\"><span style=\"vertical-align: inherit;\"><span style=\"vertical-align: inherit;\"><span style=\"vertical-align: inherit;\">o Intermedio III <\/span><\/span><\/span><\/span><br \/><span style=\"vertical-align: inherit;\"><span style=\"vertical-align: inherit;\"><span style=\"vertical-align: inherit;\"><span style=\"vertical-align: inherit;\">o Divina Voluntad \u2013 B\u00e1sico <\/span><\/span><\/span><\/span><br \/><span style=\"vertical-align: inherit;\"><span style=\"vertical-align: inherit;\"><span style=\"vertical-align: inherit;\"><span style=\"vertical-align: inherit;\">o Divina Voluntad \u2013 Crecimiento<\/span><\/span><\/span><\/span><\/p>\n<!-- \/wp:paragraph --><!-- wp:image {\"id\":367,\"sizeSlug\":\"large\",\"linkDestination\":\"none\"} -->\n<figure class=\"wp-block-image size-large\"><img decoding=\"async\" loading=\"lazy\" width=\"1024\" height=\"819\" class=\"wp-image-367\" src=\"https:\/\/asociacionmisionerosdejesusymaria.com\/wp-content\/uploads\/2023\/02\/Niveles-1024x819.jpg\" alt=\"\" srcset=\"https:\/\/asociacionmisionerosdejesusymaria.com\/wp-content\/uploads\/2023\/02\/Niveles-1024x819.jpg 1024w, https:\/\/asociacionmisionerosdejesusymaria.com\/wp-content\/uploads\/2023\/02\/Niveles-300x240.jpg 300w, https:\/\/asociacionmisionerosdejesusymaria.com\/wp-content\/uploads\/2023\/02\/Niveles-768x614.jpg 768w, https:\/\/asociacionmisionerosdejesusymaria.com\/wp-content\/uploads\/2023\/02\/Niveles-1536x1229.jpg 1536w, https:\/\/asociacionmisionerosdejesusymaria.com\/wp-content\/uploads\/2023\/02\/Niveles-2048x1638.jpg 2048w\" sizes=\"(max-width: 1024px) 100vw, 1024px\" \/><\/figure>\n<!-- \/wp:image --><!-- wp:paragraph -->\n<p><span style=\"vertical-align: inherit;\"><span style=\"vertical-align: inherit;\"><span style=\"vertical-align: inherit;\"><span style=\"vertical-align: inherit;\">Las personas que desean hacer parte de la Asociaci\u00f3n, pueden comunicarse a trav\u00e9s del correo electr\u00f3nico o los n\u00fameros de celular que aparecen en la secci\u00f3n \u201cVinc\u00falate\u201d, para ingresar al nivel b\u00e1sico, de j\u00f3venes o adultos, los cuales se desarrollan en diferentes parroquias de la ciudad de Bogot\u00e1.<\/span><\/span><\/span><\/span><\/p>\n<!-- \/wp:paragraph --><!-- wp:paragraph -->\n<p><span style=\"vertical-align: inherit;\"><span style=\"vertical-align: inherit;\"><span style=\"vertical-align: inherit;\"><span style=\"vertical-align: inherit;\">A partir de este nivel, los aspirantes definen si cumplen el proceso de formaci\u00f3n establecido por la Asociaci\u00f3n.<\/span><\/span><\/span><\/span><\/p>\n<!-- \/wp:paragraph --><!-- wp:image {\"id\":365,\"sizeSlug\":\"large\",\"linkDestination\":\"none\"} -->\n<figure class=\"wp-block-image size-large\"><img decoding=\"async\" loading=\"lazy\" width=\"724\" height=\"1024\" class=\"wp-image-365\" src=\"https:\/\/asociacionmisionerosdejesusymaria.com\/wp-content\/uploads\/2023\/02\/Nivel_Bas-724x1024.png\" alt=\"\" srcset=\"https:\/\/asociacionmisionerosdejesusymaria.com\/wp-content\/uploads\/2023\/02\/Nivel_Bas-724x1024.png 724w, https:\/\/asociacionmisionerosdejesusymaria.com\/wp-content\/uploads\/2023\/02\/Nivel_Bas-212x300.png 212w, https:\/\/asociacionmisionerosdejesusymaria.com\/wp-content\/uploads\/2023\/02\/Nivel_Bas-768x1086.png 768w, https:\/\/asociacionmisionerosdejesusymaria.com\/wp-content\/uploads\/2023\/02\/Nivel_Bas.png 827w\" sizes=\"(max-width: 724px) 100vw, 724px\" \/><\/figure>\n<!-- \/wp:image -->\t\t\t\t\t\t<\/div>\n\t\t\t\t<\/div>\n\t\t\t\t\t<\/div>\n\t\t<\/div>\n\t\t\t\t\t\t\t<\/div>\n\t\t<\/section>\n\t\t\t\t\t\t\t<\/div>\n\t\t","protected":false},"excerpt":{"rendered":"<p>FORMACI&Oacute;N En la Asociaci&oacute;n Misioneros del Amor de Jes&uacute;s y Mar&iacute;a, existen los siguientes niveles de formaci&oacute;n: o B&aacute;sico o Crecimiento espiritual para j&oacute;venes o Crecimiento espiritual para adultos o Intermedio I o Intermedio II o Intermedio III o Divina Voluntad &ndash; B&aacute;sico o Divina Voluntad &ndash; Crecimiento Las personas que desean hacer parte de [&hellip;]<\/p>\n","protected":false},"author":1,"featured_media":0,"parent":54,"menu_order":0,"comment_status":"closed","ping_status":"closed","template":"","meta":[],"_links":{"self":[{"href":"https:\/\/asociacionmisionerosdejesusymaria.com\/index.php\/wp-json\/wp\/v2\/pages\/343"}],"collection":[{"href":"https:\/\/asociacionmisionerosdejesusymaria.com\/index.php\/wp-json\/wp\/v2\/pages"}],"about":[{"href":"https:\/\/asociacionmisionerosdejesusymaria.com\/index.php\/wp-json\/wp\/v2\/types\/page"}],"author":[{"embeddable":true,"href":"https:\/\/asociacionmisionerosdejesusymaria.com\/index.php\/wp-json\/wp\/v2\/users\/1"}],"replies":[{"embeddable":true,"href":"https:\/\/asociacionmisionerosdejesusymaria.com\/index.php\/wp-json\/wp\/v2\/comments?post=343"}],"version-history":[{"count":11,"href":"https:\/\/asociacionmisionerosdejesusymaria.com\/index.php\/wp-json\/wp\/v2\/pages\/343\/revisions"}],"predecessor-version":[{"id":639,"href":"https:\/\/asociacionmisionerosdejesusymaria.com\/index.php\/wp-json\/wp\/v2\/pages\/343\/revisions\/639"}],"up":[{"embeddable":true,"href":"https:\/\/asociacionmisionerosdejesusymaria.com\/index.php\/wp-json\/wp\/v2\/pages\/54"}],"wp:attachment":[{"href":"https:\/\/asociacionmisionerosdejesusymaria.com\/index.php\/wp-json\/wp\/v2\/media?parent=343"}],"curies":[{"name":"wp","href":"https:\/\/api.w.org\/{rel}","templated":true}]}}