{"id":640,"date":"2023-05-11T04:23:57","date_gmt":"2023-05-11T04:23:57","guid":{"rendered":"https:\/\/asociacionmisionerosdejesusymaria.com\/?page_id=640"},"modified":"2023-05-11T05:09:57","modified_gmt":"2023-05-11T05:09:57","slug":"formacion-misioneros","status":"publish","type":"page","link":"https:\/\/asociacionmisionerosdejesusymaria.com\/index.php\/formacion-misioneros\/","title":{"rendered":"Formaci\u00f3n Misioneros"},"content":{"rendered":"\t\t<div data-elementor-type=\"wp-page\" data-elementor-id=\"640\" class=\"elementor elementor-640\">\n\t\t\t\t\t\t\t\t\t<section class=\"elementor-section elementor-top-section elementor-element elementor-element-fc33121 elementor-section-boxed elementor-section-height-default elementor-section-height-default\" data-id=\"fc33121\" data-element_type=\"section\">\n\t\t\t\t\t\t<div class=\"elementor-container elementor-column-gap-default\">\n\t\t\t\t\t<div class=\"elementor-column elementor-col-100 elementor-top-column elementor-element elementor-element-e157d14\" data-id=\"e157d14\" data-element_type=\"column\">\n\t\t\t<div class=\"elementor-widget-wrap elementor-element-populated\">\n\t\t\t\t\t\t\t\t<div class=\"elementor-element elementor-element-3420e89 elementor-widget elementor-widget-heading\" data-id=\"3420e89\" data-element_type=\"widget\" data-widget_type=\"heading.default\">\n\t\t\t\t<div class=\"elementor-widget-container\">\n\t\t\t<style>\/*! elementor - v3.11.1 - 15-02-2023 *\/\n.elementor-heading-title{padding:0;margin:0;line-height:1}.elementor-widget-heading .elementor-heading-title[class*=elementor-size-]>a{color:inherit;font-size:inherit;line-height:inherit}.elementor-widget-heading .elementor-heading-title.elementor-size-small{font-size:15px}.elementor-widget-heading .elementor-heading-title.elementor-size-medium{font-size:19px}.elementor-widget-heading .elementor-heading-title.elementor-size-large{font-size:29px}.elementor-widget-heading .elementor-heading-title.elementor-size-xl{font-size:39px}.elementor-widget-heading .elementor-heading-title.elementor-size-xxl{font-size:59px}<\/style><h2 class=\"elementor-heading-title elementor-size-default\">FORMACI\u00d3N<\/h2>\t\t<\/div>\n\t\t\t\t<\/div>\n\t\t\t\t\t<\/div>\n\t\t<\/div>\n\t\t\t\t\t\t\t<\/div>\n\t\t<\/section>\n\t\t\t\t<section class=\"elementor-section elementor-top-section elementor-element elementor-element-afc103e elementor-section-boxed elementor-section-height-default elementor-section-height-default\" data-id=\"afc103e\" data-element_type=\"section\">\n\t\t\t\t\t\t<div class=\"elementor-container elementor-column-gap-default\">\n\t\t\t\t\t<div class=\"elementor-column elementor-col-100 elementor-top-column elementor-element elementor-element-5b6e9ce\" data-id=\"5b6e9ce\" data-element_type=\"column\">\n\t\t\t<div class=\"elementor-widget-wrap elementor-element-populated\">\n\t\t\t\t\t\t\t\t<section class=\"elementor-section elementor-inner-section elementor-element elementor-element-b0cbb64 elementor-section-boxed elementor-section-height-default elementor-section-height-default\" data-id=\"b0cbb64\" data-element_type=\"section\">\n\t\t\t\t\t\t<div class=\"elementor-container elementor-column-gap-default\">\n\t\t\t\t\t<div class=\"elementor-column elementor-col-50 elementor-inner-column elementor-element elementor-element-01e70af\" data-id=\"01e70af\" data-element_type=\"column\">\n\t\t\t<div class=\"elementor-widget-wrap elementor-element-populated\">\n\t\t\t\t\t\t\t\t<div class=\"elementor-element elementor-element-6cb2c7e elementor-widget elementor-widget-image\" data-id=\"6cb2c7e\" data-element_type=\"widget\" data-widget_type=\"image.default\">\n\t\t\t\t<div class=\"elementor-widget-container\">\n\t\t\t<style>\/*! elementor - v3.11.1 - 15-02-2023 *\/\n.elementor-widget-image{text-align:center}.elementor-widget-image a{display:inline-block}.elementor-widget-image a img[src$=\".svg\"]{width:48px}.elementor-widget-image img{vertical-align:middle;display:inline-block}<\/style>\t\t\t\t\t\t\t\t\t\t\t\t<img decoding=\"async\" src=\"https:\/\/asociacionmisionerosdejesusymaria.com\/wp-content\/uploads\/2023\/02\/Formacion01-1.png\" title=\"\" alt=\"\" loading=\"lazy\" \/>\t\t\t\t\t\t\t\t\t\t\t\t\t\t\t<\/div>\n\t\t\t\t<\/div>\n\t\t\t\t\t<\/div>\n\t\t<\/div>\n\t\t\t\t<div class=\"elementor-column elementor-col-50 elementor-inner-column elementor-element elementor-element-811a0a0\" data-id=\"811a0a0\" data-element_type=\"column\">\n\t\t\t<div class=\"elementor-widget-wrap elementor-element-populated\">\n\t\t\t\t\t\t\t\t<div class=\"elementor-element elementor-element-fa3e821 elementor-widget elementor-widget-image\" data-id=\"fa3e821\" data-element_type=\"widget\" data-widget_type=\"image.default\">\n\t\t\t\t<div class=\"elementor-widget-container\">\n\t\t\t\t\t\t\t\t\t\t\t\t\t\t\t<img decoding=\"async\" width=\"584\" height=\"438\" src=\"https:\/\/asociacionmisionerosdejesusymaria.com\/wp-content\/uploads\/2023\/02\/Formacion02.png\" class=\"attachment-large size-large wp-image-369\" alt=\"\" loading=\"lazy\" srcset=\"https:\/\/asociacionmisionerosdejesusymaria.com\/wp-content\/uploads\/2023\/02\/Formacion02.png 584w, https:\/\/asociacionmisionerosdejesusymaria.com\/wp-content\/uploads\/2023\/02\/Formacion02-300x225.png 300w\" sizes=\"(max-width: 584px) 100vw, 584px\" \/>\t\t\t\t\t\t\t\t\t\t\t\t\t\t\t<\/div>\n\t\t\t\t<\/div>\n\t\t\t\t\t<\/div>\n\t\t<\/div>\n\t\t\t\t\t\t\t<\/div>\n\t\t<\/section>\n\t\t\t\t\t<\/div>\n\t\t<\/div>\n\t\t\t\t\t\t\t<\/div>\n\t\t<\/section>\n\t\t\t\t<section class=\"elementor-section elementor-top-section elementor-element elementor-element-e92518b elementor-section-boxed elementor-section-height-default elementor-section-height-default\" data-id=\"e92518b\" data-element_type=\"section\">\n\t\t\t\t\t\t<div class=\"elementor-container elementor-column-gap-default\">\n\t\t\t\t\t<div class=\"elementor-column elementor-col-100 elementor-top-column elementor-element elementor-element-9fbb38c\" data-id=\"9fbb38c\" data-element_type=\"column\">\n\t\t\t<div class=\"elementor-widget-wrap elementor-element-populated\">\n\t\t\t\t\t\t\t\t<div class=\"elementor-element elementor-element-47aea0e elementor-widget elementor-widget-text-editor\" data-id=\"47aea0e\" data-element_type=\"widget\" data-widget_type=\"text-editor.default\">\n\t\t\t\t<div class=\"elementor-widget-container\">\n\t\t\t<style>\/*! elementor - v3.11.1 - 15-02-2023 *\/\n.elementor-widget-text-editor.elementor-drop-cap-view-stacked .elementor-drop-cap{background-color:#818a91;color:#fff}.elementor-widget-text-editor.elementor-drop-cap-view-framed .elementor-drop-cap{color:#818a91;border:3px solid;background-color:transparent}.elementor-widget-text-editor:not(.elementor-drop-cap-view-default) .elementor-drop-cap{margin-top:8px}.elementor-widget-text-editor:not(.elementor-drop-cap-view-default) .elementor-drop-cap-letter{width:1em;height:1em}.elementor-widget-text-editor .elementor-drop-cap{float:left;text-align:center;line-height:1;font-size:50px}.elementor-widget-text-editor .elementor-drop-cap-letter{display:inline-block}<\/style>\t\t\t\t<p><span style=\"vertical-align: inherit;\"><span style=\"vertical-align: inherit;\">En la Asociaci\u00f3n Misioneros del Amor de Jes\u00fas y Mar\u00eda, existen los siguientes niveles de formaci\u00f3n:<\/span><\/span><em>\u00a0<\/em><\/p><ul><li><span style=\"vertical-align: inherit;\"><span style=\"vertical-align: inherit;\">B\u00e1sico<\/span><\/span><\/li><li><span style=\"vertical-align: inherit;\"><span style=\"vertical-align: inherit;\">Crecimiento espiritual para jovenes<\/span><\/span><\/li><li><span style=\"vertical-align: inherit;\"><span style=\"vertical-align: inherit;\">Crecimiento espiritual para adultos<\/span><\/span><\/li><li><span style=\"vertical-align: inherit;\"><span style=\"vertical-align: inherit;\">Intermedio I<\/span><\/span><\/li><li><span style=\"vertical-align: inherit;\"><span style=\"vertical-align: inherit;\">Intermedio II<\/span><\/span><\/li><li><span style=\"vertical-align: inherit;\"><span style=\"vertical-align: inherit;\">Intermedio III<\/span><\/span><\/li><li><span style=\"vertical-align: inherit;\"><span style=\"vertical-align: inherit;\">Divina Voluntad &#8211; B\u00e1sico<\/span><\/span><\/li><li><span style=\"vertical-align: inherit;\"><span style=\"vertical-align: inherit;\">Divina Voluntad &#8211; Crecimiento<\/span><\/span><\/li><\/ul>\t\t\t\t\t\t<\/div>\n\t\t\t\t<\/div>\n\t\t\t\t\t<\/div>\n\t\t<\/div>\n\t\t\t\t\t\t\t<\/div>\n\t\t<\/section>\n\t\t\t\t<section class=\"elementor-section elementor-top-section elementor-element elementor-element-5e662f5 elementor-section-boxed elementor-section-height-default elementor-section-height-default\" data-id=\"5e662f5\" data-element_type=\"section\">\n\t\t\t\t\t\t<div class=\"elementor-container elementor-column-gap-default\">\n\t\t\t\t\t<div class=\"elementor-column elementor-col-100 elementor-top-column elementor-element elementor-element-b74df3e\" data-id=\"b74df3e\" data-element_type=\"column\">\n\t\t\t<div class=\"elementor-widget-wrap elementor-element-populated\">\n\t\t\t\t\t\t\t\t<div class=\"elementor-element elementor-element-65a6849 elementor-widget elementor-widget-image\" data-id=\"65a6849\" data-element_type=\"widget\" data-widget_type=\"image.default\">\n\t\t\t\t<div class=\"elementor-widget-container\">\n\t\t\t\t\t\t\t\t\t\t\t\t\t\t\t<img decoding=\"async\" width=\"640\" height=\"512\" src=\"https:\/\/asociacionmisionerosdejesusymaria.com\/wp-content\/uploads\/2023\/02\/Niveles-1024x819.jpg\" class=\"attachment-large size-large wp-image-367\" alt=\"\" loading=\"lazy\" srcset=\"https:\/\/asociacionmisionerosdejesusymaria.com\/wp-content\/uploads\/2023\/02\/Niveles-1024x819.jpg 1024w, https:\/\/asociacionmisionerosdejesusymaria.com\/wp-content\/uploads\/2023\/02\/Niveles-300x240.jpg 300w, https:\/\/asociacionmisionerosdejesusymaria.com\/wp-content\/uploads\/2023\/02\/Niveles-768x614.jpg 768w, https:\/\/asociacionmisionerosdejesusymaria.com\/wp-content\/uploads\/2023\/02\/Niveles-1536x1229.jpg 1536w, https:\/\/asociacionmisionerosdejesusymaria.com\/wp-content\/uploads\/2023\/02\/Niveles-2048x1638.jpg 2048w\" sizes=\"(max-width: 640px) 100vw, 640px\" \/>\t\t\t\t\t\t\t\t\t\t\t\t\t\t\t<\/div>\n\t\t\t\t<\/div>\n\t\t\t\t\t<\/div>\n\t\t<\/div>\n\t\t\t\t\t\t\t<\/div>\n\t\t<\/section>\n\t\t\t\t<section class=\"elementor-section elementor-top-section elementor-element elementor-element-4f0066d elementor-section-boxed elementor-section-height-default elementor-section-height-default\" data-id=\"4f0066d\" data-element_type=\"section\">\n\t\t\t\t\t\t<div class=\"elementor-container elementor-column-gap-default\">\n\t\t\t\t\t<div class=\"elementor-column elementor-col-100 elementor-top-column elementor-element elementor-element-7f345cf\" data-id=\"7f345cf\" data-element_type=\"column\">\n\t\t\t<div class=\"elementor-widget-wrap elementor-element-populated\">\n\t\t\t\t\t\t\t\t<div class=\"elementor-element elementor-element-07f91d7 elementor-widget elementor-widget-text-editor\" data-id=\"07f91d7\" data-element_type=\"widget\" data-widget_type=\"text-editor.default\">\n\t\t\t\t<div class=\"elementor-widget-container\">\n\t\t\t\t\t\t\t<p>Las personas que desean hacer parte de la Asociaci\u00f3n, pueden comunicarse a trav\u00e9s del e-mail o los n\u00fameros de celular que aparecen en la secci\u00f3n &#8220;Vinc\u00falate&#8221;, para ingresar al nivel b\u00e1sico, de j\u00f3venes o adultos, los cuales se desarrollan en diferentes parroquias de la ciudad de Bogot\u00e1.<\/p><p>A partir de este nivel, los aspirantes definen si contin\u00faan el proceso de formaci\u00f3n establecido por la Asociaci\u00f3n.<\/p>\t\t\t\t\t\t<\/div>\n\t\t\t\t<\/div>\n\t\t\t\t\t<\/div>\n\t\t<\/div>\n\t\t\t\t\t\t\t<\/div>\n\t\t<\/section>\n\t\t\t\t<section class=\"elementor-section elementor-top-section elementor-element elementor-element-e2f2161 elementor-section-boxed elementor-section-height-default elementor-section-height-default\" data-id=\"e2f2161\" data-element_type=\"section\">\n\t\t\t\t\t\t<div class=\"elementor-container elementor-column-gap-default\">\n\t\t\t\t\t<div class=\"elementor-column elementor-col-100 elementor-top-column elementor-element elementor-element-fe880db\" data-id=\"fe880db\" data-element_type=\"column\">\n\t\t\t<div class=\"elementor-widget-wrap elementor-element-populated\">\n\t\t\t\t\t\t\t\t<div class=\"elementor-element elementor-element-5bed410 elementor-widget elementor-widget-image\" data-id=\"5bed410\" data-element_type=\"widget\" data-widget_type=\"image.default\">\n\t\t\t\t<div class=\"elementor-widget-container\">\n\t\t\t\t\t\t\t\t\t\t\t\t\t\t\t<img decoding=\"async\" width=\"640\" height=\"905\" src=\"https:\/\/asociacionmisionerosdejesusymaria.com\/wp-content\/uploads\/2023\/02\/Nivel_Bas-724x1024.png\" class=\"attachment-large size-large wp-image-365\" alt=\"\" loading=\"lazy\" srcset=\"https:\/\/asociacionmisionerosdejesusymaria.com\/wp-content\/uploads\/2023\/02\/Nivel_Bas-724x1024.png 724w, https:\/\/asociacionmisionerosdejesusymaria.com\/wp-content\/uploads\/2023\/02\/Nivel_Bas-212x300.png 212w, https:\/\/asociacionmisionerosdejesusymaria.com\/wp-content\/uploads\/2023\/02\/Nivel_Bas-768x1086.png 768w, https:\/\/asociacionmisionerosdejesusymaria.com\/wp-content\/uploads\/2023\/02\/Nivel_Bas.png 827w\" sizes=\"(max-width: 640px) 100vw, 640px\" \/>\t\t\t\t\t\t\t\t\t\t\t\t\t\t\t<\/div>\n\t\t\t\t<\/div>\n\t\t\t\t\t<\/div>\n\t\t<\/div>\n\t\t\t\t\t\t\t<\/div>\n\t\t<\/section>\n\t\t\t\t\t\t\t<\/div>\n\t\t","protected":false},"excerpt":{"rendered":"<p>FORMACI&Oacute;N En la Asociaci&oacute;n Misioneros del Amor de Jes&uacute;s y Mar&iacute;a, existen los siguientes niveles de formaci&oacute;n:&nbsp; B&aacute;sico Crecimiento espiritual para jovenes Crecimiento espiritual para adultos Intermedio I Intermedio II Intermedio III Divina Voluntad &ndash; B&aacute;sico Divina Voluntad &ndash; Crecimiento Las personas que desean hacer parte de la Asociaci&oacute;n, pueden comunicarse a trav&eacute;s del e-mail [&hellip;]<\/p>\n","protected":false},"author":1,"featured_media":0,"parent":0,"menu_order":0,"comment_status":"closed","ping_status":"closed","template":"","meta":[],"_links":{"self":[{"href":"https:\/\/asociacionmisionerosdejesusymaria.com\/index.php\/wp-json\/wp\/v2\/pages\/640"}],"collection":[{"href":"https:\/\/asociacionmisionerosdejesusymaria.com\/index.php\/wp-json\/wp\/v2\/pages"}],"about":[{"href":"https:\/\/asociacionmisionerosdejesusymaria.com\/index.php\/wp-json\/wp\/v2\/types\/page"}],"author":[{"embeddable":true,"href":"https:\/\/asociacionmisionerosdejesusymaria.com\/index.php\/wp-json\/wp\/v2\/users\/1"}],"replies":[{"embeddable":true,"href":"https:\/\/asociacionmisionerosdejesusymaria.com\/index.php\/wp-json\/wp\/v2\/comments?post=640"}],"version-history":[{"count":25,"href":"https:\/\/asociacionmisionerosdejesusymaria.com\/index.php\/wp-json\/wp\/v2\/pages\/640\/revisions"}],"predecessor-version":[{"id":667,"href":"https:\/\/asociacionmisionerosdejesusymaria.com\/index.php\/wp-json\/wp\/v2\/pages\/640\/revisions\/667"}],"wp:attachment":[{"href":"https:\/\/asociacionmisionerosdejesusymaria.com\/index.php\/wp-json\/wp\/v2\/media?parent=640"}],"curies":[{"name":"wp","href":"https:\/\/api.w.org\/{rel}","templated":true}]}}